{"id":125,"date":"2025-11-20T05:37:21","date_gmt":"2025-11-20T04:37:21","guid":{"rendered":"https:\/\/rezept.dr-pape.de\/?page_id=125"},"modified":"2025-12-15T02:18:49","modified_gmt":"2025-12-15T01:18:49","slug":"impressum","status":"publish","type":"page","link":"https:\/\/rezept.dr-pape.de\/ru\/impressum\/","title":{"rendered":"\u043e\u0442\u043f\u0435\u0447\u0430\u0442\u043e\u043a"},"content":{"rendered":"<div data-elementor-type=\"wp-page\" data-elementor-id=\"125\" class=\"elementor elementor-125\" data-elementor-post-type=\"page\">\n\t\t\t\t<div class=\"elementor-element elementor-element-0b4e06a e-con-full e-flex e-con e-parent\" data-id=\"0b4e06a\" data-element_type=\"container\" data-e-type=\"container\">\n\t\t<div class=\"elementor-element elementor-element-5448e00 e-con-full e-flex e-con e-child\" data-id=\"5448e00\" data-element_type=\"container\" data-e-type=\"container\">\n\t\t\t\t<\/div>\n\t\t<div class=\"elementor-element elementor-element-7486b65 e-con-full e-flex e-con e-child\" data-id=\"7486b65\" data-element_type=\"container\" data-e-type=\"container\">\n\t\t\t\t<div class=\"elementor-element elementor-element-18a7962 elementor-widget elementor-widget-text-editor\" data-id=\"18a7962\" data-element_type=\"widget\" data-e-type=\"widget\" data-widget_type=\"text-editor.default\">\n\t\t\t\t\t\t\t\t\t<h1><span style=\"color: #000000;\">\u041f\u0440\u0430\u0432\u043e\u0432\u0430\u044f \u0438\u043d\u0444\u043e\u0440\u043c\u0430\u0446\u0438\u044f<\/span><\/h1><h6><span style=\"color: #000000;\"><strong>\u0414\u043e\u043a\u0442\u043e\u0440 \u043c\u0435\u0434\u0438\u0446\u0438\u043d\u0441\u043a\u0438\u0445 \u043d\u0430\u0443\u043a \u0425\u0430\u0440\u0442\u043c\u0443\u0442 \u041f\u0430\u043f\u0435<br \/><\/strong>Max-S\u00e4ume-Str. 1<\/span><br \/><span style=\"color: #000000;\">28327 \u0411\u0440\u0435\u043c\u0435\u043d<\/span><\/h6><h6><span style=\"text-decoration: underline;\"><span style=\"color: #000000;\"><strong>\u041a\u043e\u043c\u043f\u0435\u0442\u0435\u043d\u0442\u043d\u044b\u0439 \u043d\u0430\u0434\u0437\u043e\u0440\u043d\u044b\u0439 \u043e\u0440\u0433\u0430\u043d:<\/strong><\/span><\/span><br \/><span style=\"color: #000000;\">\u0410\u0441\u0441\u043e\u0446\u0438\u0430\u0446\u0438\u044f \u0432\u0440\u0430\u0447\u0435\u0439 \u043e\u0431\u044f\u0437\u0430\u0442\u0435\u043b\u044c\u043d\u043e\u0433\u043e \u043c\u0435\u0434\u0438\u0446\u0438\u043d\u0441\u043a\u043e\u0433\u043e \u0441\u0442\u0440\u0430\u0445\u043e\u0432\u0430\u043d\u0438\u044f \u0411\u0440\u0435\u043c\u0435\u043d\u0430<\/span><br \/><span style=\"color: #000000;\">\u0428\u0432\u0430\u0445\u0445\u0430\u0443\u0437\u0435\u0440 \u0425\u0435\u0435\u0440\u0448\u0442\u0440\u0430\u0441\u0441\u0435 26\/28<\/span><br \/><span style=\"color: #000000;\">28209 \u0411\u0440\u0435\u043c\u0435\u043d<\/span><br \/><span style=\"color: #000000;\"><a style=\"color: #000000;\" href=\"https:\/\/www.kvhb.de\/\">www.kvhb.de<\/a><\/span><\/h6><h6><span style=\"text-decoration: underline;\"><span style=\"color: #000000;\"><strong>\u0414\u043e\u043b\u0436\u043d\u043e\u0441\u0442\u044c<\/strong><\/span><\/span><br \/><span style=\"color: #000000;\">\u0414\u043e\u043a\u0442\u043e\u0440 (\u043f\u0440\u0438\u0441\u0443\u0436\u0434\u0435\u043d\u043e \u0432 \u0424\u0435\u0434\u0435\u0440\u0430\u0442\u0438\u0432\u043d\u043e\u0439 \u0420\u0435\u0441\u043f\u0443\u0431\u043b\u0438\u043a\u0435 \u0413\u0435\u0440\u043c\u0430\u043d\u0438\u0438)<\/span><\/h6><h6><span style=\"text-decoration: underline;\"><span style=\"color: #000000;\"><strong>\u041f\u0440\u043e\u0444\u0435\u0441\u0441\u0438\u043e\u043d\u0430\u043b\u044c\u043d\u044b\u0435 \u043f\u0440\u0430\u0432\u0438\u043b\u0430<\/strong><\/span><\/span><br \/><span style=\"color: #000000;\">\u041a\u043e\u0434\u0435\u043a\u0441 \u043f\u0440\u043e\u0444\u0435\u0441\u0441\u0438\u043e\u043d\u0430\u043b\u044c\u043d\u043e\u0433\u043e \u043f\u043e\u0432\u0435\u0434\u0435\u043d\u0438\u044f \u0411\u0440\u0435\u043c\u0435\u043d\u0441\u043a\u043e\u0439 \u043c\u0435\u0434\u0438\u0446\u0438\u043d\u0441\u043a\u043e\u0439 \u0430\u0441\u0441\u043e\u0446\u0438\u0430\u0446\u0438\u0438<\/span><\/h6><h5><span style=\"color: #000000;\"><strong>\u041e\u0442\u0432\u0435\u0442\u0441\u0442\u0432\u0435\u043d\u043d\u044b\u0439 \u0437\u0430 \u0441\u043e\u0434\u0435\u0440\u0436\u0430\u043d\u0438\u0435 \u0441\u0430\u0439\u0442\u0430 dr-pape.de<\/strong><\/span><\/h5><h6><span style=\"color: #000000;\">\u0414\u043e\u043a\u0442\u043e\u0440 \u043c\u0435\u0434\u0438\u0446\u0438\u043d\u0441\u043a\u0438\u0445 \u043d\u0430\u0443\u043a \u0425\u0430\u0440\u0442\u043c\u0443\u0442 \u041f\u0430\u043f\u0435<\/span><\/h6><h5><span style=\"color: #000000;\"><strong>\u0414\u0440\u0443\u0433\u0438\u0435 \u0430\u0434\u0440\u0435\u0441\u0430 \u0432\u0435\u0431-\u0441\u0430\u0439\u0442\u043e\u0432<\/strong><\/span><\/h5><h6><a href=\"http:\/\/dr-pape-bremen.de\/\">dr-pape-bremen.de<\/a> \/ <a href=\"http:\/\/hausarzt-dr-pape.de\/\">hausarzt-dr-pape.de<\/a> \/ <a href=\"http:\/\/papebremen.de\/\">papebremen.de<\/a><\/h6>\t\t\t\t\t\t\t\t<\/div>\n\t\t\t\t<\/div>\n\t\t<div class=\"elementor-element elementor-element-33fb2c2 e-con-full e-flex e-con e-child\" data-id=\"33fb2c2\" data-element_type=\"container\" data-e-type=\"container\">\n\t\t\t\t<\/div>\n\t\t\t\t<\/div>\n\t\t\t\t<\/div>","protected":false},"excerpt":{"rendered":"<p>IMPRESSUM DR. MED. HARTMUT PAPEMax-S\u00e4ume-Str.128327 Bremen Zust\u00e4ndige Aufsichtsbeh\u00f6rdeKassen\u00e4rztliche Vereinigung BremenSchwachhauser Heerstr. 26 \/ 2828209 Bremenwww.kvhb.de BerufsbezeichnungArzt (verliehen in der Bundesrepublik Deutschland) Berufsrechtliche RegelungenBerufsordnung der \u00c4rztekammer Bremen Verantwortlich f\u00fcr den Inhalt der Webseite dr-pape.de Dr. med. Hartmut Pape Weitere Website Adressen dr-pape-bremen.de \/ hausarzt-dr-pape.de \/ papebremen.de<\/p>","protected":false},"author":1,"featured_media":0,"parent":0,"menu_order":0,"comment_status":"closed","ping_status":"closed","template":"elementor_header_footer","meta":{"footnotes":""},"class_list":["post-125","page","type-page","status-publish","hentry"],"_links":{"self":[{"href":"https:\/\/rezept.dr-pape.de\/ru\/wp-json\/wp\/v2\/pages\/125","targetHints":{"allow":["GET"]}}],"collection":[{"href":"https:\/\/rezept.dr-pape.de\/ru\/wp-json\/wp\/v2\/pages"}],"about":[{"href":"https:\/\/rezept.dr-pape.de\/ru\/wp-json\/wp\/v2\/types\/page"}],"author":[{"embeddable":true,"href":"https:\/\/rezept.dr-pape.de\/ru\/wp-json\/wp\/v2\/users\/1"}],"replies":[{"embeddable":true,"href":"https:\/\/rezept.dr-pape.de\/ru\/wp-json\/wp\/v2\/comments?post=125"}],"version-history":[{"count":10,"href":"https:\/\/rezept.dr-pape.de\/ru\/wp-json\/wp\/v2\/pages\/125\/revisions"}],"predecessor-version":[{"id":2054,"href":"https:\/\/rezept.dr-pape.de\/ru\/wp-json\/wp\/v2\/pages\/125\/revisions\/2054"}],"wp:attachment":[{"href":"https:\/\/rezept.dr-pape.de\/ru\/wp-json\/wp\/v2\/media?parent=125"}],"curies":[{"name":"wp","href":"https:\/\/api.w.org\/{rel}","templated":true}]}}